{"id":2,"date":"2023-06-24T11:57:33","date_gmt":"2023-06-24T09:57:33","guid":{"rendered":"http:\/\/talesofc.fr\/?page_id=2"},"modified":"2026-01-04T08:17:05","modified_gmt":"2026-01-04T07:17:05","slug":"page-d-exemple","status":"publish","type":"page","link":"https:\/\/talesofc.fr\/","title":{"rendered":"Accueil"},"content":{"rendered":"\n<p><em>Tales of C.<\/em> vous plonge dans un recueil d&#8217;aventures horrifiques originales.<\/p>\n\n\n\n<p class=\"has-text-align-center\">Enqu\u00eater pour la police d&#8217;\u00e9tat sovi\u00e9tique sous Staline, monter une mission scientifique vers une \u00eele perdue \u00e0 la fin du XIXe si\u00e8cle ou parcourir l&#8217;Europe et le Moyen-Orient pour d\u00e9busquer la v\u00e9rit\u00e9 derri\u00e8re le mythe chr\u00e9tien : chaque \u00e9pisode de <em>Tales of C.<\/em> saura faire sortir joueurs et joueuses de leur zone de confort d&#8217;une mani\u00e8re chaque fois renouvel\u00e9e.<\/p>\n","protected":false},"excerpt":{"rendered":"<p>Tales of C. vous plonge dans un recueil d&#8217;aventures horrifiques originales. Enqu\u00eater pour la police d&#8217;\u00e9tat sovi\u00e9tique sous Staline, monter une mission scientifique vers une \u00eele perdue&hellip; <span class=\"read-more\"><a class=\"more-link\" href=\"https:\/\/talesofc.fr\/\" rel=\"bookmark\">Read more <span class=\"screen-reader-text\">&#8220;Accueil&#8221;<\/span><\/a><\/span><\/p>\n","protected":false},"author":1,"featured_media":42,"parent":0,"menu_order":0,"comment_status":"closed","ping_status":"open","template":"","meta":{"footnotes":""},"class_list":["post-2","page","type-page","status-publish","has-post-thumbnail","hentry"],"jetpack_sharing_enabled":true,"_links":{"self":[{"href":"https:\/\/talesofc.fr\/index.php\/wp-json\/wp\/v2\/pages\/2","targetHints":{"allow":["GET"]}}],"collection":[{"href":"https:\/\/talesofc.fr\/index.php\/wp-json\/wp\/v2\/pages"}],"about":[{"href":"https:\/\/talesofc.fr\/index.php\/wp-json\/wp\/v2\/types\/page"}],"author":[{"embeddable":true,"href":"https:\/\/talesofc.fr\/index.php\/wp-json\/wp\/v2\/users\/1"}],"replies":[{"embeddable":true,"href":"https:\/\/talesofc.fr\/index.php\/wp-json\/wp\/v2\/comments?post=2"}],"version-history":[{"count":21,"href":"https:\/\/talesofc.fr\/index.php\/wp-json\/wp\/v2\/pages\/2\/revisions"}],"predecessor-version":[{"id":790,"href":"https:\/\/talesofc.fr\/index.php\/wp-json\/wp\/v2\/pages\/2\/revisions\/790"}],"wp:featuredmedia":[{"embeddable":true,"href":"https:\/\/talesofc.fr\/index.php\/wp-json\/wp\/v2\/media\/42"}],"wp:attachment":[{"href":"https:\/\/talesofc.fr\/index.php\/wp-json\/wp\/v2\/media?parent=2"}],"curies":[{"name":"wp","href":"https:\/\/api.w.org\/{rel}","templated":true}]}}